{"id":559,"date":"2018-11-12T04:59:57","date_gmt":"2018-11-12T03:59:57","guid":{"rendered":"http:\/\/urc-nibelungen.at\/?page_id=559"},"modified":"2018-11-12T05:05:19","modified_gmt":"2018-11-12T04:05:19","slug":"dsgvo","status":"publish","type":"page","link":"https:\/\/urc-nibelungen.at\/?page_id=559","title":{"rendered":"DSGVO"},"content":{"rendered":"<p>Zur Erreichung der Vereinszwecke und zur Organisation seines Vereinslebens muss auch der URC Nibelungen P\u00f6chlarn die Daten seiner Mitglieder (unter anderem) elektronisch verarbeiten. Unter anderem speichert und verarbeitet der URC Nibelungen P\u00f6chlarn Namen, Adressen, E-Mailadressen, Telefonnummern und Geburtsdaten seiner Mitglieder. Bei Vereinsveranstaltungen aufgenommene Fotos, Videos und Tonaufnahmen ver\u00f6ffentlicht der URC Nibelungen P\u00f6chlarn auf seiner Vereinswebseite und beh\u00e4lt sich auch deren Ver\u00f6ffentlichung in sozialen Medien vor. Soweit dies zur Erreichung der Vereinszwecke bzw zur Organisation des Vereinslebens zweckm\u00e4\u00dfig ist, gibt der URC Nibelungen P\u00f6chlarn diese Daten im Einzelfall auch an Dritte weiter (zB zur Organisation unserer j\u00e4hrlichen Radreise die Daten der Teilnehmer an Hotelbetreiber).<\/p>\n<p>Diese Datenverarbeitung f\u00e4llt in den Anwendungsbereich der Datenschutzgrundverordnung (DSGVO). Die Vereinsmitglieder haben dieser Datenverarbeitung grunds\u00e4tzlich bereits mit ihrem Vereinsbeitritt zugestimmt. Diese Zustimmung bleibt auch nach dem Inkrafttreten der DSGVO g\u00fcltig. Der URC Nibelungen P\u00f6chlarn macht seine Vereinsmitglieder darauf aufmerksam, dass mit der Einzahlung des Mitgliedsbeitrags f\u00fcr das Jahr 2019 die stillschweigende Zustimmung zu dieser Datenverarbeitung auch in der Zukunft verbunden ist. Wer diese Zustimmung ausdr\u00fccklich nicht abgeben will, wendet sich bitte vor Einzahlung nachweislich (schriftlich!) an den Vereinsvorstand.<\/p>\n<p>&nbsp;<\/p>\n","protected":false},"excerpt":{"rendered":"<p>Zur Erreichung der Vereinszwecke und zur Organisation seines Vereinslebens muss auch der URC Nibelungen P\u00f6chlarn die Daten seiner Mitglieder (unter anderem) elektronisch verarbeiten. Unter anderem speichert und verarbeitet der URC Nibelungen P\u00f6chlarn Namen, Adressen, E-Mailadressen, Telefonnummern und Geburtsdaten seiner Mitglieder. Bei Vereinsveranstaltungen aufgenommene Fotos, Videos und Tonaufnahmen ver\u00f6ffentlicht der URC Nibelungen P\u00f6chlarn auf seiner Vereinswebseite &hellip; <a href=\"https:\/\/urc-nibelungen.at\/?page_id=559\" class=\"more-link\"><span class=\"screen-reader-text\">DSGVO<\/span> weiterlesen<\/a><\/p>\n","protected":false},"author":1,"featured_media":0,"parent":0,"menu_order":6,"comment_status":"closed","ping_status":"closed","template":"","meta":{"footnotes":""},"class_list":["post-559","page","type-page","status-publish","hentry"],"_links":{"self":[{"href":"https:\/\/urc-nibelungen.at\/index.php?rest_route=\/wp\/v2\/pages\/559","targetHints":{"allow":["GET"]}}],"collection":[{"href":"https:\/\/urc-nibelungen.at\/index.php?rest_route=\/wp\/v2\/pages"}],"about":[{"href":"https:\/\/urc-nibelungen.at\/index.php?rest_route=\/wp\/v2\/types\/page"}],"author":[{"embeddable":true,"href":"https:\/\/urc-nibelungen.at\/index.php?rest_route=\/wp\/v2\/users\/1"}],"replies":[{"embeddable":true,"href":"https:\/\/urc-nibelungen.at\/index.php?rest_route=%2Fwp%2Fv2%2Fcomments&post=559"}],"version-history":[{"count":4,"href":"https:\/\/urc-nibelungen.at\/index.php?rest_route=\/wp\/v2\/pages\/559\/revisions"}],"predecessor-version":[{"id":569,"href":"https:\/\/urc-nibelungen.at\/index.php?rest_route=\/wp\/v2\/pages\/559\/revisions\/569"}],"wp:attachment":[{"href":"https:\/\/urc-nibelungen.at\/index.php?rest_route=%2Fwp%2Fv2%2Fmedia&parent=559"}],"curies":[{"name":"wp","href":"https:\/\/api.w.org\/{rel}","templated":true}]}}