{"id":395,"date":"2017-10-18T20:06:38","date_gmt":"2017-10-18T18:06:38","guid":{"rendered":"http:\/\/urc-nibelungen.at\/?page_id=395"},"modified":"2017-10-18T20:09:06","modified_gmt":"2017-10-18T18:09:06","slug":"impressum","status":"publish","type":"page","link":"https:\/\/urc-nibelungen.at\/?page_id=395","title":{"rendered":"Impressum"},"content":{"rendered":"<p align=\"LEFT\">Anschrift:<br \/>\nURC Nibelungen P\u00f6chlarn<br \/>\nMankerstra\u00dfe 7<\/p>\n<p align=\"LEFT\">\n<p align=\"LEFT\">Wir sind f\u00fcr den Inhalt von Seiten, auf die wir verlinken, nicht verantwortlich. Gleichzeitig erkl\u00e4ren wir, dass wir uns den Inhalt jener Seiten, auf die wir verlinken, nicht zu eigen machen.<\/p>\n<p>&nbsp;<\/p>\n","protected":false},"excerpt":{"rendered":"<p>Anschrift: URC Nibelungen P\u00f6chlarn Mankerstra\u00dfe 7 Wir sind f\u00fcr den Inhalt von Seiten, auf die wir verlinken, nicht verantwortlich. Gleichzeitig erkl\u00e4ren wir, dass wir uns den Inhalt jener Seiten, auf die wir verlinken, nicht zu eigen machen. &nbsp;<\/p>\n","protected":false},"author":1,"featured_media":0,"parent":0,"menu_order":0,"comment_status":"closed","ping_status":"closed","template":"","meta":{"footnotes":""},"class_list":["post-395","page","type-page","status-publish","hentry"],"_links":{"self":[{"href":"https:\/\/urc-nibelungen.at\/index.php?rest_route=\/wp\/v2\/pages\/395","targetHints":{"allow":["GET"]}}],"collection":[{"href":"https:\/\/urc-nibelungen.at\/index.php?rest_route=\/wp\/v2\/pages"}],"about":[{"href":"https:\/\/urc-nibelungen.at\/index.php?rest_route=\/wp\/v2\/types\/page"}],"author":[{"embeddable":true,"href":"https:\/\/urc-nibelungen.at\/index.php?rest_route=\/wp\/v2\/users\/1"}],"replies":[{"embeddable":true,"href":"https:\/\/urc-nibelungen.at\/index.php?rest_route=%2Fwp%2Fv2%2Fcomments&post=395"}],"version-history":[{"count":4,"href":"https:\/\/urc-nibelungen.at\/index.php?rest_route=\/wp\/v2\/pages\/395\/revisions"}],"predecessor-version":[{"id":407,"href":"https:\/\/urc-nibelungen.at\/index.php?rest_route=\/wp\/v2\/pages\/395\/revisions\/407"}],"wp:attachment":[{"href":"https:\/\/urc-nibelungen.at\/index.php?rest_route=%2Fwp%2Fv2%2Fmedia&parent=395"}],"curies":[{"name":"wp","href":"https:\/\/api.w.org\/{rel}","templated":true}]}}