{"id":25,"date":"2016-09-18T09:54:28","date_gmt":"2016-09-18T07:54:28","guid":{"rendered":"http:\/\/10.0.0.9\/urc\/?page_id=25"},"modified":"2026-02-25T23:07:13","modified_gmt":"2026-02-25T22:07:13","slug":"gps-strecken","status":"publish","type":"page","link":"https:\/\/urc-nibelungen.at\/?page_id=25","title":{"rendered":"GPS-Strecken"},"content":{"rendered":"<p>Hier werden in k\u00fcrze unsere Strecken ver\u00f6ffentlicht die zugeh\u00f6rigen\u00a0GPS-Daten zum Download bereitgestellt.<\/p>\n<p><a href=\"https:\/\/urc-nibelungen.at\/wp-content\/uploads\/2026\/02\/bled_tag_1.gpx\">Bled\/Trzic\/Kranj\/Zelezniki\/Bohinjska Bistrica\/Bled<\/a><\/p>\n","protected":false},"excerpt":{"rendered":"<p>Hier werden in k\u00fcrze unsere Strecken ver\u00f6ffentlicht die zugeh\u00f6rigen\u00a0GPS-Daten zum Download bereitgestellt. Bled\/Trzic\/Kranj\/Zelezniki\/Bohinjska Bistrica\/Bled<\/p>\n","protected":false},"author":1,"featured_media":0,"parent":0,"menu_order":0,"comment_status":"closed","ping_status":"closed","template":"","meta":{"footnotes":""},"class_list":["post-25","page","type-page","status-publish","hentry"],"_links":{"self":[{"href":"https:\/\/urc-nibelungen.at\/index.php?rest_route=\/wp\/v2\/pages\/25","targetHints":{"allow":["GET"]}}],"collection":[{"href":"https:\/\/urc-nibelungen.at\/index.php?rest_route=\/wp\/v2\/pages"}],"about":[{"href":"https:\/\/urc-nibelungen.at\/index.php?rest_route=\/wp\/v2\/types\/page"}],"author":[{"embeddable":true,"href":"https:\/\/urc-nibelungen.at\/index.php?rest_route=\/wp\/v2\/users\/1"}],"replies":[{"embeddable":true,"href":"https:\/\/urc-nibelungen.at\/index.php?rest_route=%2Fwp%2Fv2%2Fcomments&post=25"}],"version-history":[{"count":7,"href":"https:\/\/urc-nibelungen.at\/index.php?rest_route=\/wp\/v2\/pages\/25\/revisions"}],"predecessor-version":[{"id":797,"href":"https:\/\/urc-nibelungen.at\/index.php?rest_route=\/wp\/v2\/pages\/25\/revisions\/797"}],"wp:attachment":[{"href":"https:\/\/urc-nibelungen.at\/index.php?rest_route=%2Fwp%2Fv2%2Fmedia&parent=25"}],"curies":[{"name":"wp","href":"https:\/\/api.w.org\/{rel}","templated":true}]}}